{"id":425,"date":"2020-02-16T19:19:09","date_gmt":"2020-02-16T18:19:09","guid":{"rendered":"https:\/\/yes-dev.mcs.ch\/?page_id=425"},"modified":"2026-01-26T14:23:28","modified_gmt":"2026-01-26T13:23:28","slug":"impressum","status":"publish","type":"page","link":"https:\/\/mcs.ch\/en\/impressum\/","title":{"rendered":"imprint"},"content":{"rendered":"<div data-elementor-type=\"wp-page\" data-elementor-id=\"425\" class=\"elementor elementor-425\" data-elementor-post-type=\"page\">\n\t\t\t\t<div class=\"elementor-element elementor-element-c218edc e-flex e-con-boxed e-con e-parent\" data-id=\"c218edc\" data-element_type=\"container\" data-e-type=\"container\">\n\t\t\t\t\t<div class=\"e-con-inner\">\n\t\t<div class=\"elementor-element elementor-element-02f6eef e-con-full e-flex e-con e-child\" data-id=\"02f6eef\" data-element_type=\"container\" data-e-type=\"container\">\n\t\t\t\t<div class=\"elementor-element elementor-element-5491293 elementor-widget elementor-widget-heading\" data-id=\"5491293\" data-element_type=\"widget\" data-e-type=\"widget\" data-widget_type=\"heading.default\">\n\t\t\t\t<div class=\"elementor-widget-container\">\n\t\t\t\t\t<h1 class=\"elementor-heading-title elementor-size-default\">imprint<\/h1>\t\t\t\t<\/div>\n\t\t\t\t<\/div>\n\t\t\t\t<div class=\"elementor-element elementor-element-3e56a2f elementor-widget elementor-widget-heading\" data-id=\"3e56a2f\" data-element_type=\"widget\" data-e-type=\"widget\" data-widget_type=\"heading.default\">\n\t\t\t\t<div class=\"elementor-widget-container\">\n\t\t\t\t\t<h2 class=\"elementor-heading-title elementor-size-default\">Contact address of parent company<\/h2>\t\t\t\t<\/div>\n\t\t\t\t<\/div>\n\t\t\t\t<div class=\"elementor-element elementor-element-a7c5cec elementor-widget elementor-widget-text-editor\" data-id=\"a7c5cec\" data-element_type=\"widget\" data-e-type=\"widget\" data-widget_type=\"text-editor.default\">\n\t\t\t\t<div class=\"elementor-widget-container\">\n\t\t\t\t\t\t\t\t\t<p class=\"bodytext\"><strong>mcs impact group ag<\/strong><br \/>CH-3013 Bern<br \/>Switzerland<br \/>Phone +41 (0)31 348 22 77<br \/><a href=\"mailto:info@mcs.ch\">info(at)mcs.ch<\/a><br \/><a class=\"external-link-new-window\" title=\"www.mcs.ch\" href=\"https:\/\/mcs.ch\/en\/\" target=\"_blank\" rel=\"noopener\">www.mcs.ch<\/a><\/p>\t\t\t\t\t\t\t\t<\/div>\n\t\t\t\t<\/div>\n\t\t\t\t<div class=\"elementor-element elementor-element-7317237 elementor-widget elementor-widget-heading\" data-id=\"7317237\" data-element_type=\"widget\" data-e-type=\"widget\" data-widget_type=\"heading.default\">\n\t\t\t\t<div class=\"elementor-widget-container\">\n\t\t\t\t\t<h2 class=\"elementor-heading-title elementor-size-default\">Authorized signatories and commercial register entry<\/h2>\t\t\t\t<\/div>\n\t\t\t\t<\/div>\n\t\t\t\t<div class=\"elementor-element elementor-element-e234545 elementor-widget elementor-widget-text-editor\" data-id=\"e234545\" data-element_type=\"widget\" data-e-type=\"widget\" data-widget_type=\"text-editor.default\">\n\t\t\t\t<div class=\"elementor-widget-container\">\n\t\t\t\t\t\t\t\t\t<p><strong>mcs impact group ag<br \/><\/strong>Eric Gutmann, Georg Conrad, Gerhard Marti<br \/>Registered company name: mcs impact group ag<br \/>Number: CHE-410.835.534<br \/>Commercial Register Office of the Canton of Bern<\/p><p><strong>mcs software ag, Bern<br \/><\/strong>Eric Gutmann, Georg Conrad, Gerhard Marti,<br \/>Markus Kolmos, Pascal Schlumpf, Joachim G\u00f6tz<br \/>Registered company name: mcs software ag<br \/>Number: CHE-108.340.109<br \/>Commercial Register Office of the Canton of Bern<\/p><p><strong>mcs engineering ag, Landquart<\/strong><br \/>Martin Metzger, Markus Gartmann, Eric Gutmann,<br \/>Georg Conrad, Gerhard Marti<br \/>Registered company name: mcs engineering ag<br \/>Number: CHE-110.043.170<br \/>Commercial Register Office of the Canton of Graub\u00fcnden<\/p><p><strong>mcs digital solutions ag, Berne<\/strong><br \/>Georg Conrad, Eric Gutmann, Gerhard Marti<br \/>Registered company name: mcs digital solutions ag<br \/>Number: CHE-112.691.115<br \/>Commercial Register Office of the Canton of Bern<\/p>\t\t\t\t\t\t\t\t<\/div>\n\t\t\t\t<\/div>\n\t\t\t\t<div class=\"elementor-element elementor-element-e762894 elementor-widget elementor-widget-heading\" data-id=\"e762894\" data-element_type=\"widget\" data-e-type=\"widget\" data-widget_type=\"heading.default\">\n\t\t\t\t<div class=\"elementor-widget-container\">\n\t\t\t\t\t<h2 class=\"elementor-heading-title elementor-size-default\">Website Administrator<\/h2>\t\t\t\t<\/div>\n\t\t\t\t<\/div>\n\t\t\t\t<div class=\"elementor-element elementor-element-1b80717 elementor-widget elementor-widget-text-editor\" data-id=\"1b80717\" data-element_type=\"widget\" data-e-type=\"widget\" data-widget_type=\"text-editor.default\">\n\t\t\t\t<div class=\"elementor-widget-container\">\n\t\t\t\t\t\t\t\t\t<p><a href=\"mailto:info@mcs.ch\">info(at)mcs.ch<\/a><\/p>\t\t\t\t\t\t\t\t<\/div>\n\t\t\t\t<\/div>\n\t\t\t\t<div class=\"elementor-element elementor-element-3becfa1 elementor-widget elementor-widget-heading\" data-id=\"3becfa1\" data-element_type=\"widget\" data-e-type=\"widget\" data-widget_type=\"heading.default\">\n\t\t\t\t<div class=\"elementor-widget-container\">\n\t\t\t\t\t<h2 class=\"elementor-heading-title elementor-size-default\">Concept, design and programming<\/h2>\t\t\t\t<\/div>\n\t\t\t\t<\/div>\n\t\t\t\t<div class=\"elementor-element elementor-element-48bb36a elementor-widget elementor-widget-text-editor\" data-id=\"48bb36a\" data-element_type=\"widget\" data-e-type=\"widget\" data-widget_type=\"text-editor.default\">\n\t\t\t\t<div class=\"elementor-widget-container\">\n\t\t\t\t\t\t\t\t\t<p class=\"bodytext\"><strong>YES! Creative Digital Marketing<\/strong><br \/>CH-7000 Chur<br \/>Switzerland<br \/>Phone +41 (0)81 511 01 11<br \/><a href=\"mailto:mail@yesmarketing.ch\">mail(at)yesmarketing.ch<\/a><br \/><a class=\"external-link-new-window\" title=\"www.rotwild.ch\" href=\"http:\/\/www.yesmarketing.ch\" target=\"_blank\" rel=\"noopener\">www.yesmarketing.ch<\/a><\/p>\t\t\t\t\t\t\t\t<\/div>\n\t\t\t\t<\/div>\n\t\t\t\t<\/div>\n\t\t\t\t\t<\/div>\n\t\t\t\t<\/div>\n\t\t\t\t<\/div>","protected":false},"excerpt":{"rendered":"<p>Impressum Kontaktadresse Mutterfirma mcs impact group agCH-3013 BernSchweizTel. +41 (0)31 348 22 77info(at)mcs.chwww.mcs.ch Unterschrifts\u00adberechtigte Personen und Handelsregister\u00adeintrag mcs impact group agEric Gutmann, Georg Conrad, Gerhard [&hellip;]<\/p>\n","protected":false},"author":2,"featured_media":0,"parent":0,"menu_order":0,"comment_status":"closed","ping_status":"closed","template":"","meta":{"site-sidebar-layout":"no-sidebar","site-content-layout":"page-builder","ast-site-content-layout":"full-width-container","site-content-style":"unboxed","site-sidebar-style":"unboxed","ast-global-header-display":"","ast-banner-title-visibility":"","ast-main-header-display":"","ast-hfb-above-header-display":"","ast-hfb-below-header-display":"","ast-hfb-mobile-header-display":"","site-post-title":"disabled","ast-breadcrumbs-content":"","ast-featured-img":"disabled","footer-sml-layout":"","ast-disable-related-posts":"","theme-transparent-header-meta":"default","adv-header-id-meta":"","stick-header-meta":"default","header-above-stick-meta":"","header-main-stick-meta":"","header-below-stick-meta":"","astra-migrate-meta-layouts":"set","ast-page-background-enabled":"default","ast-page-background-meta":{"desktop":{"background-color":"","background-image":"","background-repeat":"repeat","background-position":"center center","background-size":"auto","background-attachment":"scroll","background-type":"","background-media":"","overlay-type":"","overlay-color":"","overlay-opacity":"","overlay-gradient":""},"tablet":{"background-color":"","background-image":"","background-repeat":"repeat","background-position":"center center","background-size":"auto","background-attachment":"scroll","background-type":"","background-media":"","overlay-type":"","overlay-color":"","overlay-opacity":"","overlay-gradient":""},"mobile":{"background-color":"","background-image":"","background-repeat":"repeat","background-position":"center center","background-size":"auto","background-attachment":"scroll","background-type":"","background-media":"","overlay-type":"","overlay-color":"","overlay-opacity":"","overlay-gradient":""}},"ast-content-background-meta":{"desktop":{"background-color":"var(--ast-global-color-5)","background-image":"","background-repeat":"repeat","background-position":"center center","background-size":"auto","background-attachment":"scroll","background-type":"","background-media":"","overlay-type":"","overlay-color":"","overlay-opacity":"","overlay-gradient":""},"tablet":{"background-color":"var(--ast-global-color-5)","background-image":"","background-repeat":"repeat","background-position":"center center","background-size":"auto","background-attachment":"scroll","background-type":"","background-media":"","overlay-type":"","overlay-color":"","overlay-opacity":"","overlay-gradient":""},"mobile":{"background-color":"var(--ast-global-color-5)","background-image":"","background-repeat":"repeat","background-position":"center center","background-size":"auto","background-attachment":"scroll","background-type":"","background-media":"","overlay-type":"","overlay-color":"","overlay-opacity":"","overlay-gradient":""}},"footnotes":""},"class_list":["post-425","page","type-page","status-publish","hentry"],"yoast_head":"<!-- This site is optimized with the Yoast SEO plugin v27.4 - https:\/\/yoast.com\/product\/yoast-seo-wordpress\/ -->\n<title>Impressum - mcs, Softwareentwicklung f\u00fcr CAM und CNC<\/title>\n<meta name=\"description\" content=\"Erfahren, motiviert und pers\u00f6nlich f\u00fcr Sie da: Bei mcs l\u00f6sen wir jede softwaretechnische Herausforderung. Was k\u00f6nnen wir f\u00fcr Sie tun?\" \/>\n<meta name=\"robots\" content=\"index, follow, max-snippet:-1, max-image-preview:large, max-video-preview:-1\" \/>\n<link rel=\"canonical\" href=\"https:\/\/mcs.ch\/en\/impressum\/\" \/>\n<meta property=\"og:locale\" content=\"en_US\" \/>\n<meta property=\"og:type\" content=\"article\" \/>\n<meta property=\"og:title\" content=\"Impressum - mcs, Softwareentwicklung f\u00fcr CAM und CNC\" \/>\n<meta property=\"og:description\" content=\"Erfahren, motiviert und pers\u00f6nlich f\u00fcr Sie da: Bei mcs l\u00f6sen wir jede softwaretechnische Herausforderung. Was k\u00f6nnen wir f\u00fcr Sie tun?\" \/>\n<meta property=\"og:url\" content=\"https:\/\/mcs.ch\/en\/impressum\/\" \/>\n<meta property=\"og:site_name\" content=\"mcs\" \/>\n<meta property=\"article:modified_time\" content=\"2026-01-26T13:23:28+00:00\" \/>\n<meta name=\"twitter:card\" content=\"summary_large_image\" \/>\n<meta name=\"twitter:label1\" content=\"Est. reading time\" \/>\n\t<meta name=\"twitter:data1\" content=\"1 minute\" \/>\n<script type=\"application\/ld+json\" class=\"yoast-schema-graph\">{\"@context\":\"https:\\\/\\\/schema.org\",\"@graph\":[{\"@type\":\"WebPage\",\"@id\":\"https:\\\/\\\/mcs.ch\\\/impressum\\\/\",\"url\":\"https:\\\/\\\/mcs.ch\\\/impressum\\\/\",\"name\":\"Impressum - mcs, Softwareentwicklung f\u00fcr CAM und CNC\",\"isPartOf\":{\"@id\":\"https:\\\/\\\/mcs.ch\\\/#website\"},\"datePublished\":\"2020-02-16T18:19:09+00:00\",\"dateModified\":\"2026-01-26T13:23:28+00:00\",\"description\":\"Erfahren, motiviert und pers\u00f6nlich f\u00fcr Sie da: Bei mcs l\u00f6sen wir jede softwaretechnische Herausforderung. Was k\u00f6nnen wir f\u00fcr Sie tun?\",\"breadcrumb\":{\"@id\":\"https:\\\/\\\/mcs.ch\\\/impressum\\\/#breadcrumb\"},\"inLanguage\":\"en-US\",\"potentialAction\":[{\"@type\":\"ReadAction\",\"target\":[\"https:\\\/\\\/mcs.ch\\\/impressum\\\/\"]}]},{\"@type\":\"BreadcrumbList\",\"@id\":\"https:\\\/\\\/mcs.ch\\\/impressum\\\/#breadcrumb\",\"itemListElement\":[{\"@type\":\"ListItem\",\"position\":1,\"name\":\"mcs\",\"item\":\"https:\\\/\\\/mcs.ch\\\/\"},{\"@type\":\"ListItem\",\"position\":2,\"name\":\"Impressum\"}]},{\"@type\":\"WebSite\",\"@id\":\"https:\\\/\\\/mcs.ch\\\/#website\",\"url\":\"https:\\\/\\\/mcs.ch\\\/\",\"name\":\"mcs\",\"description\":\"\",\"potentialAction\":[{\"@type\":\"SearchAction\",\"target\":{\"@type\":\"EntryPoint\",\"urlTemplate\":\"https:\\\/\\\/mcs.ch\\\/?s={search_term_string}\"},\"query-input\":{\"@type\":\"PropertyValueSpecification\",\"valueRequired\":true,\"valueName\":\"search_term_string\"}}],\"inLanguage\":\"en-US\"}]}<\/script>\n<!-- \/ Yoast SEO plugin. -->","yoast_head_json":{"title":"Impressum - mcs, Softwareentwicklung f\u00fcr CAM und CNC","description":"Erfahren, motiviert und pers\u00f6nlich f\u00fcr Sie da: Bei mcs l\u00f6sen wir jede softwaretechnische Herausforderung. Was k\u00f6nnen wir f\u00fcr Sie tun?","robots":{"index":"index","follow":"follow","max-snippet":"max-snippet:-1","max-image-preview":"max-image-preview:large","max-video-preview":"max-video-preview:-1"},"canonical":"https:\/\/mcs.ch\/en\/impressum\/","og_locale":"en_US","og_type":"article","og_title":"Impressum - mcs, Softwareentwicklung f\u00fcr CAM und CNC","og_description":"Erfahren, motiviert und pers\u00f6nlich f\u00fcr Sie da: Bei mcs l\u00f6sen wir jede softwaretechnische Herausforderung. Was k\u00f6nnen wir f\u00fcr Sie tun?","og_url":"https:\/\/mcs.ch\/en\/impressum\/","og_site_name":"mcs","article_modified_time":"2026-01-26T13:23:28+00:00","twitter_card":"summary_large_image","twitter_misc":{"Est. reading time":"1 minute"},"schema":{"@context":"https:\/\/schema.org","@graph":[{"@type":"WebPage","@id":"https:\/\/mcs.ch\/impressum\/","url":"https:\/\/mcs.ch\/impressum\/","name":"Impressum - mcs, Softwareentwicklung f\u00fcr CAM und CNC","isPartOf":{"@id":"https:\/\/mcs.ch\/#website"},"datePublished":"2020-02-16T18:19:09+00:00","dateModified":"2026-01-26T13:23:28+00:00","description":"Erfahren, motiviert und pers\u00f6nlich f\u00fcr Sie da: Bei mcs l\u00f6sen wir jede softwaretechnische Herausforderung. Was k\u00f6nnen wir f\u00fcr Sie tun?","breadcrumb":{"@id":"https:\/\/mcs.ch\/impressum\/#breadcrumb"},"inLanguage":"en-US","potentialAction":[{"@type":"ReadAction","target":["https:\/\/mcs.ch\/impressum\/"]}]},{"@type":"BreadcrumbList","@id":"https:\/\/mcs.ch\/impressum\/#breadcrumb","itemListElement":[{"@type":"ListItem","position":1,"name":"mcs","item":"https:\/\/mcs.ch\/"},{"@type":"ListItem","position":2,"name":"Impressum"}]},{"@type":"WebSite","@id":"https:\/\/mcs.ch\/#website","url":"https:\/\/mcs.ch\/","name":"mcs","description":"","potentialAction":[{"@type":"SearchAction","target":{"@type":"EntryPoint","urlTemplate":"https:\/\/mcs.ch\/?s={search_term_string}"},"query-input":{"@type":"PropertyValueSpecification","valueRequired":true,"valueName":"search_term_string"}}],"inLanguage":"en-US"}]}},"_links":{"self":[{"href":"https:\/\/mcs.ch\/en\/wp-json\/wp\/v2\/pages\/425","targetHints":{"allow":["GET"]}}],"collection":[{"href":"https:\/\/mcs.ch\/en\/wp-json\/wp\/v2\/pages"}],"about":[{"href":"https:\/\/mcs.ch\/en\/wp-json\/wp\/v2\/types\/page"}],"author":[{"embeddable":true,"href":"https:\/\/mcs.ch\/en\/wp-json\/wp\/v2\/users\/2"}],"replies":[{"embeddable":true,"href":"https:\/\/mcs.ch\/en\/wp-json\/wp\/v2\/comments?post=425"}],"version-history":[{"count":3,"href":"https:\/\/mcs.ch\/en\/wp-json\/wp\/v2\/pages\/425\/revisions"}],"predecessor-version":[{"id":10041,"href":"https:\/\/mcs.ch\/en\/wp-json\/wp\/v2\/pages\/425\/revisions\/10041"}],"wp:attachment":[{"href":"https:\/\/mcs.ch\/en\/wp-json\/wp\/v2\/media?parent=425"}],"curies":[{"name":"wp","href":"https:\/\/api.w.org\/{rel}","templated":true}]}}